{"id":6206,"date":"2023-04-20T09:19:44","date_gmt":"2023-04-20T14:19:44","guid":{"rendered":"https:\/\/campoverde.com\/?page_id=6206"},"modified":"2023-04-20T10:00:12","modified_gmt":"2023-04-20T15:00:12","slug":"reglas-sorteo","status":"publish","type":"page","link":"https:\/\/campoverdepr.com\/es\/reglas-sorteo\/","title":{"rendered":"Reglas Sorteo"},"content":{"rendered":"\t\t<div data-elementor-type=\"wp-page\" data-elementor-id=\"6206\" class=\"elementor elementor-6206\">\n\t\t\t\t\t\t<div class=\"elementor-inner\">\n\t\t\t\t<div class=\"elementor-section-wrap\">\n\t\t\t\t\t\t\t\t\t<section class=\"elementor-section elementor-top-section elementor-element elementor-element-bc98a6f elementor-section-full_width elementor-section-height-min-height elementor-section-height-default elementor-section-items-middle\" data-id=\"bc98a6f\" data-element_type=\"section\" data-settings=\"{&quot;jet_parallax_layout_list&quot;:[{&quot;jet_parallax_layout_image&quot;:{&quot;url&quot;:&quot;&quot;,&quot;id&quot;:&quot;&quot;,&quot;size&quot;:&quot;&quot;},&quot;_id&quot;:&quot;58a10ab&quot;,&quot;jet_parallax_layout_image_tablet&quot;:{&quot;url&quot;:&quot;&quot;,&quot;id&quot;:&quot;&quot;,&quot;size&quot;:&quot;&quot;},&quot;jet_parallax_layout_image_mobile&quot;:{&quot;url&quot;:&quot;&quot;,&quot;id&quot;:&quot;&quot;,&quot;size&quot;:&quot;&quot;},&quot;jet_parallax_layout_speed&quot;:{&quot;unit&quot;:&quot;%&quot;,&quot;size&quot;:50,&quot;sizes&quot;:[]},&quot;jet_parallax_layout_type&quot;:&quot;scroll&quot;,&quot;jet_parallax_layout_direction&quot;:null,&quot;jet_parallax_layout_fx_direction&quot;:null,&quot;jet_parallax_layout_z_index&quot;:&quot;&quot;,&quot;jet_parallax_layout_bg_x&quot;:50,&quot;jet_parallax_layout_bg_x_tablet&quot;:&quot;&quot;,&quot;jet_parallax_layout_bg_x_mobile&quot;:&quot;&quot;,&quot;jet_parallax_layout_bg_y&quot;:50,&quot;jet_parallax_layout_bg_y_tablet&quot;:&quot;&quot;,&quot;jet_parallax_layout_bg_y_mobile&quot;:&quot;&quot;,&quot;jet_parallax_layout_bg_size&quot;:&quot;auto&quot;,&quot;jet_parallax_layout_bg_size_tablet&quot;:&quot;&quot;,&quot;jet_parallax_layout_bg_size_mobile&quot;:&quot;&quot;,&quot;jet_parallax_layout_animation_prop&quot;:&quot;transform&quot;,&quot;jet_parallax_layout_on&quot;:[&quot;desktop&quot;,&quot;tablet&quot;]}]}\">\n\t\t\t\t\t\t<div class=\"elementor-container elementor-column-gap-default\">\n\t\t\t\t\t\t\t<div class=\"elementor-row\">\n\t\t\t\t\t<div class=\"elementor-column elementor-col-33 elementor-top-column elementor-element elementor-element-db8afe7 elementor-hidden-tablet elementor-invisible\" data-id=\"db8afe7\" data-element_type=\"column\" data-settings=\"{&quot;animation&quot;:&quot;fadeInLeft&quot;}\">\n\t\t\t<div class=\"elementor-column-wrap\">\n\t\t\t\t\t\t\t<div class=\"elementor-widget-wrap\">\n\t\t\t\t\t\t\t\t<\/div>\n\t\t\t\t\t<\/div>\n\t\t<\/div>\n\t\t\t\t<div class=\"elementor-column elementor-col-33 elementor-top-column elementor-element elementor-element-3861337\" data-id=\"3861337\" data-element_type=\"column\">\n\t\t\t<div class=\"elementor-column-wrap elementor-element-populated\">\n\t\t\t\t\t\t\t<div class=\"elementor-widget-wrap\">\n\t\t\t\t\t\t<div class=\"elementor-element elementor-element-c1f5d3a elementor-widget elementor-widget-heading\" data-id=\"c1f5d3a\" data-element_type=\"widget\" data-widget_type=\"heading.default\">\n\t\t\t\t<div class=\"elementor-widget-container\">\n\t\t\t<h2 class=\"elementor-heading-title elementor-size-default\">SORTEO \u201cCAMPOVERDE GRATIS POR UN A\u00d1O\u201d<\/h2>\t\t<\/div>\n\t\t\t\t<\/div>\n\t\t\t\t<div class=\"elementor-element elementor-element-5c11a57 elementor-widget elementor-widget-heading\" data-id=\"5c11a57\" data-element_type=\"widget\" data-widget_type=\"heading.default\">\n\t\t\t\t<div class=\"elementor-widget-container\">\n\t\t\t<h2 class=\"elementor-heading-title elementor-size-default\">REGLAS OFICIALES<\/h2>\t\t<\/div>\n\t\t\t\t<\/div>\n\t\t\t\t<div class=\"elementor-element elementor-element-e2be6de elementor-widget elementor-widget-text-editor\" data-id=\"e2be6de\" data-element_type=\"widget\" data-widget_type=\"text-editor.default\">\n\t\t\t\t<div class=\"elementor-widget-container\">\n\t\t\t\t\t\t\t\t<div class=\"elementor-text-editor elementor-clearfix\">\n\t\t\t\t<p style=\"font-weight: 400;\">Este sorteo es s\u00f3lo para residentes en el Estado Libre Asociado de Puerto Rico que cumplan con los otros criterios de elegibilidad, que aqu\u00ed se describen.\u00a0 No se requiere comprar o pagar nada para participar y recibir el premio de resultar ganador.\u00a0\u00a0\u00a0<\/p><p style=\"font-weight: 400;\">\u00a0<\/p><ol><li style=\"font-weight: 400;\"><strong> ELEGIBILIDAD:<\/strong> El Sorteo <strong>CAMPOVERDE GRATIS POR UN A\u00d1O<\/strong> (el \u201cSorteo\u201d), seg\u00fan antes indicado, est\u00e1 abierto \u00fanicamente a personas residentes legales en el Estado Libre Asociado de Puerto Rico. No podr\u00e1n participar empleados ni directores de EuroCaribe Packing Corp., Matosantos Commercial Corp., Minds Grupo Publicitario y cada una de sus respectivas compa\u00f1\u00edas matrices, subsidiarios y afiliados, agencias de publicidad, relaciones p\u00fablicas, mercadeo directo y promociones, y miembros de sus familias (esposos y esposas, padres, hijos, hermanos y sus esposos y esposas) y miembros de sus hogares (familiares o no). Este Sorteo est\u00e1 sujeto a todas las leyes y reglamentos locales, federales y municipales aplicables.<\/li><\/ol><p style=\"font-weight: 400;\">\u00a0<\/p><ol start=\"2\"><li style=\"font-weight: 400;\"><strong> T\u00c9RMINO PROMOCIONAL:<\/strong> El Sorteo comienza el 19 de abril de 2023, a las 8:00:00 a.m., ET, y finaliza el 30 de junio de 2023, a las 12:00:00 p.m., ET, (\u201cT\u00e9rmino Promocional\u201d).<\/li><\/ol><p style=\"font-weight: 400;\">\u00a0<\/p><ol start=\"3\"><li style=\"font-weight: 400;\"><strong> MODO DE PARTICIPAR:<\/strong><\/li><\/ol><p style=\"font-weight: 400;\">\u00a0<\/p><p style=\"font-weight: 400;\">Se puede participar de este Sorteo, a trav\u00e9s del juego de Realidad Aumentada de Campoverde a trav\u00e9s de un c\u00f3digo QR disponible en las puertas de los refrigeradores de los comercios que tengan disponibles los productos Campoverde. Los usuarios tambi\u00e9n pueden participar a trav\u00e9s del siguiente enlace: su <strong>portal<\/strong>(<a href=\"http:\/\/www.campoverde.com\/ar\">www.Campoverde.com\/ar<\/a>), su p\u00e1gina en <strong>Facebook<\/strong> (<a href=\"https:\/\/www.facebook.com\/CampoverdePR\">https:\/\/www.facebook.com\/CampoverdePR<\/a> ) o <strong>Instagram<\/strong> (<a href=\"https:\/\/www.instagram.com\/campoverde.pr\/\">https:\/\/www.instagram.com\/campoverde.pr\/<\/a> ).<\/p><p style=\"font-weight: 400;\"><strong>\u00a0<\/strong><\/p><p style=\"font-weight: 400;\"><strong>Primero:<\/strong> El <strong>5 de julio de 2023<\/strong>, se seleccionar\u00e1n cinco (5) ganadores y cinco (5) ganadores alternos, para el premio Campoverde Gratis por un a\u00f1o, en las oficinas de MINDS Grupo Publicitario, en Guaynabo, PR.\u00a0\u00a0<\/p><p style=\"font-weight: 400;\">\u00a0<\/p><p style=\"font-weight: 400;\"><strong>Segundo:<\/strong> Para participar deber\u00e1 acceder a (<a href=\"http:\/\/www.campoverde.com\/ar\">www.Campoverde.com\/ar<\/a>), su p\u00e1gina en <strong>Facebook<\/strong>(<a href=\"https:\/\/www.facebook.com\/CampoverdePR\">https:\/\/www.facebook.com\/CampoverdePR<\/a> ) o <strong>Instagram<\/strong> (<a href=\"https:\/\/www.instagram.com\/campoverde.pr\/\">https:\/\/www.instagram.com\/campoverde.pr\/<\/a> ) y completar el juego para encontrar los 5 empaques de Campoverde. Al final del juego deber\u00e1 inscribirse en la p\u00e1gina de registro, completarla correctamente con su nombre, direcci\u00f3n, correo electr\u00f3nico y estar\u00e1 participando por 1 de 5 ganadores de Campoverde gratis por un a\u00f1o.\u00a0<\/p><p style=\"font-weight: 400;\">\u00a0<\/p><p style=\"font-weight: 400;\"><strong>Tercero: <\/strong>Est\u00e1 prohibido publicar en las p\u00e1ginas de Facebook e Instagram vocabulario obsceno, palabras soeces o inapropiadas, o cualquier otro comentario que viole las reglas de Facebook o Instagram.<\/p><p style=\"font-weight: 400;\">\u00a0<\/p><p style=\"font-weight: 400;\"><strong>Aplicar\u00e1n todos los t\u00e9rminos y condiciones de Facebook, Inc. (Facebook) e Instagram, Inc. (Instagram). Este Sorteo no est\u00e1 auspiciado, endosado o administrado por, ni asociado con Facebook o Instagram<\/strong>.<\/p><p style=\"font-weight: 400;\">\u00a0<\/p><p style=\"font-weight: 400;\"><strong>Cuarto:\u00a0 T\u00e9rminos Generales de Participaci\u00f3n Aplicables: <\/strong>Al participar en el Sorteo usted acuerda plena e incondicionalmente estar sujeto a estas Reglas Oficiales y las decisiones del Promotor y Administrador, que ser\u00e1n finales y vinculantes en todas las materias relacionadas al Sorteo. Est\u00e1n prohibidos los m\u00e9todos automatizados de participaci\u00f3n incluyendo la participaci\u00f3n a trav\u00e9s de sitios de Internet de terceras partes. Partes Relevadas (seg\u00fan definidas en la Secci\u00f3n 8 m\u00e1s adelante) no son responsables por el sistema de computadoras, l\u00ednea telef\u00f3nica, Internet, equipo, programaci\u00f3n y fallos de programaci\u00f3n, u otros errores, fallos o retrasos en transmisiones de computadora o conexiones de red que sean de naturaleza humana o t\u00e9cnica.<\/p><p style=\"font-weight: 400;\"><strong>\u00a0<\/strong><\/p><ol start=\"4\"><li style=\"font-weight: 400;\"><strong> SELECCI\u00d3N DE GANADORES AL AZAR Y PREMIOS:<\/strong> Entre todos los registros sometidos, durante el T\u00e9rmino Promocional, a trav\u00e9s del juego de Realidad Aumentada y siguiendo el procedimiento antes descrito, se llevar\u00e1 a cabo un (1) sorteo el <strong>5 de julio de 2023<\/strong>, donde se seleccionar\u00e1n al azar cinco (5) ganadores y cinco (5) ganadores alternos, a trav\u00e9s de un sistema computarizado de selecci\u00f3n al azar.<\/li><\/ol><p style=\"font-weight: 400;\">\u00a0<\/p><ol start=\"5\"><li style=\"font-weight: 400;\"><strong> PREMIO:<\/strong> Los ganadores seleccionados recibir\u00e1n como premio, 1 de 5 premios de productos Campoverde por un a\u00f1o. El premio consiste en dos (2) bolsas de Frutas Campoverde de 3lbs., o dos (2) bolsas Campoverde Fruit &amp; Veggie Blenders de 2lbs., o combinaci\u00f3n de ambos productos Campoverde por un per\u00edodo de 12 meses para un total de 24 empaques. Los ganadores deber\u00e1n de reclamar su premio en las oficinas de MINDS Grupo Publicitario, localizado en el Parque Industrial Amelia, #28 Calle Diana, Guaynabo, PR, deber\u00e1n de mostrar identificaci\u00f3n, para reclamar su premio.<\/li><\/ol><p style=\"font-weight: 400;\">\u00a0<\/p><ol start=\"6\"><li style=\"font-weight: 400;\"><strong> NOTIFICACI\u00d3N DE GANADORES Y MODO Y FECHAS DE RECLAMACI\u00d3N DE PREMIO:<\/strong><\/li><\/ol><p style=\"font-weight: 400;\"><strong>\u00a0<\/strong><\/p><p style=\"font-weight: 400;\">Los ganadores o ganadores alternos de este Sorteo se estar\u00e1n notificando el mismo d\u00eda del sorteo, mediante correo electr\u00f3nico. \u00a0Se le requerir\u00e1 que en un per\u00edodo de veinticuatro (24) horas respondan al mensaje, confirmando la reclamaci\u00f3n del premio.<\/p><p style=\"font-weight: 400;\">\u00a0<\/p><ol start=\"7\"><li style=\"font-weight: 400;\"><strong> PROBABILIDADES DE GANAR\/RESTRICCIONES A LOS PREMIOS:<\/strong><\/li><\/ol><p style=\"font-weight: 400;\"><strong>\u00a0<\/strong><\/p><p style=\"font-weight: 400;\">Las probabilidades de ganar un premio ser\u00e1n determinadas por el n\u00famero de registro elegibles recibidos en la aplicaci\u00f3n de Realidad Aumentada. <strong>L\u00edmite de un premio por persona.<\/strong><\/p><p style=\"font-weight: 400;\">\u00a0<\/p><p style=\"font-weight: 400;\">Los premios no son transferibles, ni pueden redimirse por dinero en efectivo. \u00a0No se permiten sustituciones ni cambios. \u00a0El Promotor se reserva el derecho a sustituir un premio de igual o mayor valor en el caso de que el premio o cualquier elemento del mismo no pueda ser otorgado por alguna raz\u00f3n. Los valores estimados son aproximaciones; el valor actual puede variar. \u00a0Cualquier diferencia entre el valor estimado en el mercado y el valor actual no se proveer\u00e1.<\/p><p style=\"font-weight: 400;\">\u00a0<\/p><ol start=\"8\"><li style=\"font-weight: 400;\"><strong>CONDICIONES GENERALES \/ RELEVO AUTORIZACI\u00d3N DE PUBLICACI\u00d3N<\/strong>: Los participantes que no cumplan con estas Reglas Oficiales, o que intenten interferir con este sorteo de manera alguna, ser\u00e1n descalificados. Todos los impuestos federales, estatales y locales que apliquen sobre los premios ser\u00e1n la responsabilidad \u00fanica del ganador. Premios que no sean reclamados apropiadamente, puede que no sean otorgados. Participaci\u00f3n en el sorteo constituye el permiso del ganador para que el promotor use el nombre del ganador, su(s) fotograf\u00eda(s), imagen, voz, o cualquier pronunciamiento hecho por \u00e9ste o \u00e9sta en relaci\u00f3n al sorteo o al promotor con prop\u00f3sitos comerciales, publicitarios o de promoci\u00f3n, sin notificaci\u00f3n o compensaci\u00f3n adicional al premio. \u00a0Al participar o aceptar un premio, participantes y ganadores acuerdan relevar, indemnizar, defender y sostener como no responsables de da\u00f1o al promotor, EuroCaribe Packing Corp., Matosantos Commercial Corp., Minds Grupo Publicitario, Facebook, Instagram, y sus agencias publicitarias y de promoci\u00f3n, y sus respectivas compa\u00f1\u00edas matrices, subsidiarios, afiliados, socios, representantes, agentes, sucesores, designados, empleados, oficiales y directores (\u201cPartes Relevadas\u201d), de cualquier y toda responsabilidad legal, por p\u00e9rdida, da\u00f1o, perjuicio, lesi\u00f3n, costo o gasto alguno incluyendo sin limitaci\u00f3n, da\u00f1os a la propiedad, lesi\u00f3n personal o muerte que pueda ocurrir en conexi\u00f3n con participaci\u00f3n en el sorteo, o posesi\u00f3n, aceptaci\u00f3n, uso o mal uso del premio, o participaci\u00f3n en cualquier actividad relacionada al sorteo. En ning\u00fan caso, las partes relevadas ser\u00e1n legalmente responsables por perjuicio alguno o p\u00e9rdidas de ning\u00fan tipo, incluyendo da\u00f1os directos, indirectos, incidentales, a consecuencia de, o da\u00f1os punitivos que surjan de su acceso y uso de los sitios de web y\/o el sorteo, o su descarga de y\/o impresi\u00f3n de material descargado de cualquier sitio web relacionado a este sorteo.<\/li><\/ol><p style=\"font-weight: 400;\">\u00a0<\/p><ol start=\"9\"><li style=\"font-weight: 400;\"><strong> T\u00c9RMINOS ADICIONALES:<\/strong> En caso de que exista controversia sobre la identidad de cualquier participante, las participaciones se entender\u00e1n sometidas por el due\u00f1o autorizado de la cuenta de correo electr\u00f3nico, suministrada al momento de participaci\u00f3n. El due\u00f1o autorizado de la cuenta se considera la persona natural a quien se le asign\u00f3 esa direcci\u00f3n de correo electr\u00f3nico, por un proveedor de acceso al Internet, proveedor de servicio u otra organizaci\u00f3n en l\u00ednea que sea responsable de la asignaci\u00f3n de direcciones de correo electr\u00f3nico para el dominio asociado con el correo electr\u00f3nico suministrado. Se le puede requerir a un ganador que suministre al Promotor prueba de que es el due\u00f1o autorizado de la cuenta de correo electr\u00f3nico asociada con la participaci\u00f3n ganadora. \u00a0El Promotor no es responsable por aver\u00eda t\u00e9cnica de cualquier red, servidor, equipo de computadora, tel\u00e9fono inteligente, aplicaci\u00f3n, programa o falta del Promotor de recibir participaci\u00f3n, debido a problemas t\u00e9cnicos o de congesti\u00f3n de tr\u00e1fico en el Internet o en cualquier sitio web o aplicaci\u00f3n. \u00a0El Promotor y sus agentes no son responsables de errores de impresi\u00f3n, distribuci\u00f3n o producci\u00f3n en los materiales del Sorteo. \u00a0En ning\u00fan caso se otorgar\u00e1n m\u00e1s del n\u00famero de premios anunciados. \u00a0Adem\u00e1s, el promotor se reserva el derecho de excluir o exigir la devoluci\u00f3n del premio, a cualquier ganador o ganador alterno, si posterior a la entrega del premio se descubre que el mismo fue obtenido mediante fraude, enga\u00f1o, falsa representaci\u00f3n o comisi\u00f3n de delito.<\/li><\/ol><p style=\"font-weight: 400;\">\u00a0<\/p><p style=\"font-weight: 400;\">Est\u00e1 prohibido publicar en la p\u00e1gina de Facebook o Instagram vocabulario obsceno, palabras soeces o inapropiadas, o cualquier otro comentario que viole las reglas de Facebook o Instagram. \u00a0Esta conducta es causa suficiente para la descalificaci\u00f3n del participante y el Promotor y\/o Minds Grupo Publicitario est\u00e1n facultados para eliminar el lenguaje ofensivo o que viole estas Reglas sin aviso alguno.<\/p><p style=\"font-weight: 400;\"><strong>\u00a0<\/strong><\/p><ol start=\"10\"><li style=\"font-weight: 400;\"><strong> CANCELACI\u00d3N DEL SORTEO: <\/strong>Si por alguna raz\u00f3n el Sorteo no puede llevarse a cabo como fue planificado, incluyendo, entre otros, infecci\u00f3n de un virus de computadora, problemas de programaci\u00f3n, interferencia, intervenci\u00f3n no autorizada, participaciones automatizadas, fraude, fallas t\u00e9cnicas, error humano o cualquier otra causa que est\u00e9 fuera del control del promotor que corrompa o afecte la administraci\u00f3n, seguridad, justicia, integridad, o la conducci\u00f3n apropiada del Sorteo, el Promotor se reserva el derecho en su \u00fanica discreci\u00f3n, para modificar, suspender o terminar el Sorteo con la autorizaci\u00f3n del Secretario del Departamento de Asuntos del Consumidor, seg\u00fan provisto en los reglamentos aplicables.<\/li><\/ol><p style=\"font-weight: 400;\">\u00a0<\/p><ol start=\"11\"><li style=\"font-weight: 400;\"><strong> DISPUTAS; LEY APLICABLE:<\/strong> Al participar en este sorteo, cada participante acuerda que a los fines permisibles por la ley aplicable: (1) cualquier y toda controversia, reclamo y causa de acci\u00f3n que surja de o en relaci\u00f3n con el sorteo, o con cualquier premio otorgado, ser\u00e1 resuelta individualmente y sin acudir a ning\u00fan tipo de pleito de clase; (2) cualquier y todo reclamo, sentencia y concesi\u00f3n ser\u00e1 limitada a gastos actuales sufragados por cuenta de terceras partes (si alguno), pero en ning\u00fan caso se recuperar\u00e1n ni otorgar\u00e1n honorarios de abogados; (3) bajo ninguna circunstancia ser\u00e1 permitido que un participante obtenga concesi\u00f3n alguna por, y el participante por la presente con pleno conocimiento expresamente renuncia a todo derecho para reclamar da\u00f1os y perjuicios especiales, punitivos, incidentales, a consecuencia de, p\u00e9rdida de ingresos y\/o cualquier otro da\u00f1o, m\u00e1s all\u00e1 de gastos actualmente sufragados por la parte, y\/o cualquier derecho a da\u00f1os combinados o de otra forma incrementados; y (4) los remedios del participante est\u00e1n limitados a da\u00f1os econ\u00f3micos (si alguno) y el participante renuncia irrevocablemente a cualquier derecho a reclamar remedios interdictales o en equidad. Algunas jurisdicciones no permiten las limitaciones o exclusiones de responsabilidad legal, por lo que precede puede no aplicarles a todos los participantes.<\/li><\/ol><p style=\"font-weight: 400;\">\u00a0<\/p><p style=\"font-weight: 400;\">Estas reglas oficiales y la interpretaci\u00f3n de los t\u00e9rminos aqu\u00ed incluidos se rigen por y fueron establecidos en conformidad con las leyes del Estado Libre Asociado de Puerto Rico, sin hacer referencia a sus conflictos de ley y reglamentos. Las partes irrevocablemente se someten y consienten a la jurisdicci\u00f3n y competencia del tribunal estatal de San Juan, Puerto Rico para resolver cualquier controversia relacionada a este Sorteo, y acuerdan que cualquier y toda controversia de ese tipo se resuelva exclusivamente en dicho tribunal. \u00a0La falta de que el Promotor ponga en efecto cualquier t\u00e9rmino de estas Reglas Oficiales no constituir\u00e1 un relevo de esta o ninguna otra disposici\u00f3n incluida.<\/p><p style=\"font-weight: 400;\">\u00a0<\/p><ol start=\"12\"><li style=\"font-weight: 400;\"><strong> USO DE DATOS:<\/strong> El Promotor estar\u00e1 recopilando datos personales acerca de los participantes en l\u00ednea, en conformidad con su pol\u00edtica de privacidad. Por favor, examine la pol\u00edtica de privacidad del Promotor en <a href=\"https:\/\/www.facebook.com\/CampoverdePR\">https:\/\/www.facebook.com\/CampoverdePR<\/a> .<\/li><\/ol><p style=\"font-weight: 400;\">\u00a0<\/p><ol start=\"13\"><li style=\"font-weight: 400;\"><strong> PROMOTOR:<\/strong> El promotor de este Sorteo es Campoverde Corp., con direcci\u00f3n f\u00edsica: Calle A Lote 23, Cabo Caribe Ind. Park, Vega Baja, PR 00693; direcci\u00f3n electr\u00f3nica: <a href=\"mailto:info@campoverde.com\">info@campoverde.com<\/a> y Tel: (787)-793-6900.<\/li><\/ol><p style=\"font-weight: 400;\">\u00a0<\/p><p style=\"font-weight: 400;\">\u00a0<\/p>\t\t\t\t\t<\/div>\n\t\t\t\t\t\t<\/div>\n\t\t\t\t<\/div>\n\t\t\t\t\t\t<\/div>\n\t\t\t\t\t<\/div>\n\t\t<\/div>\n\t\t\t\t<div class=\"elementor-column elementor-col-33 elementor-top-column elementor-element elementor-element-fb04c03 overflow elementor-hidden-phone\" data-id=\"fb04c03\" data-element_type=\"column\" data-settings=\"{&quot;background_background&quot;:&quot;classic&quot;}\">\n\t\t\t<div class=\"elementor-column-wrap\">\n\t\t\t\t\t\t\t<div class=\"elementor-widget-wrap\">\n\t\t\t\t\t\t\t\t<\/div>\n\t\t\t\t\t<\/div>\n\t\t<\/div>\n\t\t\t\t\t\t\t\t<\/div>\n\t\t\t\t\t<\/div>\n\t\t<\/section>\n\t\t\t\t\t\t\t\t\t<\/div>\n\t\t\t<\/div>\n\t\t\t\t\t<\/div>\n\t\t","protected":false},"excerpt":{"rendered":"<p>SORTEO \u201cCAMPOVERDE GRATIS POR UN A\u00d1O\u201d REGLAS OFICIALES Este sorteo es s\u00f3lo para residentes en el Estado Libre Asociado de Puerto Rico que cumplan con los otros criterios de elegibilidad, que aqu\u00ed se describen.\u00a0 No se requiere comprar o pagar nada para participar y recibir el premio de resultar ganador.\u00a0\u00a0\u00a0 \u00a0 ELEGIBILIDAD: El Sorteo CAMPOVERDE [&hellip;]<\/p>\n","protected":false},"author":2,"featured_media":0,"parent":0,"menu_order":0,"comment_status":"closed","ping_status":"closed","template":"elementor_header_footer","meta":{"footnotes":""},"class_list":["post-6206","page","type-page","status-publish","hentry","entry"],"_links":{"self":[{"href":"https:\/\/campoverdepr.com\/es\/wp-json\/wp\/v2\/pages\/6206","targetHints":{"allow":["GET"]}}],"collection":[{"href":"https:\/\/campoverdepr.com\/es\/wp-json\/wp\/v2\/pages"}],"about":[{"href":"https:\/\/campoverdepr.com\/es\/wp-json\/wp\/v2\/types\/page"}],"author":[{"embeddable":true,"href":"https:\/\/campoverdepr.com\/es\/wp-json\/wp\/v2\/users\/2"}],"replies":[{"embeddable":true,"href":"https:\/\/campoverdepr.com\/es\/wp-json\/wp\/v2\/comments?post=6206"}],"version-history":[{"count":13,"href":"https:\/\/campoverdepr.com\/es\/wp-json\/wp\/v2\/pages\/6206\/revisions"}],"predecessor-version":[{"id":6228,"href":"https:\/\/campoverdepr.com\/es\/wp-json\/wp\/v2\/pages\/6206\/revisions\/6228"}],"wp:attachment":[{"href":"https:\/\/campoverdepr.com\/es\/wp-json\/wp\/v2\/media?parent=6206"}],"curies":[{"name":"wp","href":"https:\/\/api.w.org\/{rel}","templated":true}]}}